{"id":493,"date":"2025-12-02T15:05:57","date_gmt":"2025-12-02T15:05:57","guid":{"rendered":"https:\/\/villazenoratatajuba.com\/?page_id=493"},"modified":"2026-04-07T01:11:50","modified_gmt":"2026-04-07T01:11:50","slug":"how-to-get-here","status":"publish","type":"page","link":"https:\/\/villazenoratatajuba.com\/es\/how-to-get-here\/","title":{"rendered":"C\u00f3mo Llegar"},"content":{"rendered":"<div data-elementor-type=\"wp-page\" data-elementor-id=\"493\" class=\"elementor elementor-493\" data-elementor-post-type=\"page\">\n\t\t\t\t<div class=\"elementor-element elementor-element-7562e0e e-flex e-con-boxed e-con e-parent\" data-id=\"7562e0e\" data-element_type=\"container\" data-e-type=\"container\" data-settings=\"{&quot;background_background&quot;:&quot;classic&quot;}\">\n\t\t\t\t\t<div class=\"e-con-inner\">\n\t\t\t\t<div class=\"elementor-element elementor-element-e0b5c3e elementor-widget elementor-widget-heading\" data-id=\"e0b5c3e\" data-element_type=\"widget\" data-e-type=\"widget\" data-widget_type=\"heading.default\">\n\t\t\t\t\t<h2 class=\"elementor-heading-title elementor-size-default\">C\u00f3mo Llegar<\/h2>\t\t\t\t<\/div>\n\t\t\t\t<div class=\"elementor-element elementor-element-f691f0c elementor-widget__width-initial elementor-widget elementor-widget-text-editor\" data-id=\"f691f0c\" data-element_type=\"widget\" data-e-type=\"widget\" data-widget_type=\"text-editor.default\">\n\t\t\t\t\t\t\t\t\t<section class=\"pt-32 pb-20 px-4 bg-background\"><div class=\"container mx-auto max-w-4xl text-center\"><section class=\"pt-32 pb-20 px-4 bg-background\"><div class=\"container mx-auto max-w-4xl text-center\"><p class=\"text-muted-foreground text-lg md:text-xl\">Tu viaje al para\u00edso comienza aqu\u00ed<\/p><\/div><\/section><section class=\"px-4 pb-12\"><\/section><\/div><\/section><section class=\"px-4 pb-12\"><\/section>\t\t\t\t\t\t\t\t<\/div>\n\t\t\t\t<div class=\"elementor-element elementor-element-88470b4 elementor-widget__width-initial elementor-widget elementor-widget-text-editor\" data-id=\"88470b4\" data-element_type=\"widget\" data-e-type=\"widget\" data-widget_type=\"text-editor.default\">\n\t\t\t\t\t\t\t\t\t<p>La Playa de Tatajuba est\u00e1 ubicada a unos 390 km del Aeropuerto Internacional de Fortaleza (Pinto Martins), en la impresionante costa occidental de Cear\u00e1. El viaje es una verdadera inmersi\u00f3n en el paisaje del nordeste de Brasil, pasando por pueblos pesqueros, lagunas y dunas que marcan el tono del para\u00edso que te espera en tu destino.<\/p>\t\t\t\t\t\t\t\t<\/div>\n\t\t\t\t<div class=\"elementor-element elementor-element-d88aad9 elementor-widget__width-inherit elementor-widget elementor-widget-image\" data-id=\"d88aad9\" data-element_type=\"widget\" data-e-type=\"widget\" data-widget_type=\"image.default\">\n\t\t\t\t\t\t\t\t\t\t\t\t\t\t\t<img fetchpriority=\"high\" decoding=\"async\" width=\"2560\" height=\"1707\" src=\"https:\/\/villazenoratatajuba.com\/wp-content\/uploads\/2026\/02\/Villa-Zenora-697-1-scaled.jpg\" class=\"attachment-full size-full wp-image-1294\" alt=\"\" srcset=\"https:\/\/villazenoratatajuba.com\/wp-content\/uploads\/2026\/02\/Villa-Zenora-697-1-scaled.jpg 2560w, https:\/\/villazenoratatajuba.com\/wp-content\/uploads\/2026\/02\/Villa-Zenora-697-1-300x200.jpg 300w, https:\/\/villazenoratatajuba.com\/wp-content\/uploads\/2026\/02\/Villa-Zenora-697-1-1024x683.jpg 1024w, https:\/\/villazenoratatajuba.com\/wp-content\/uploads\/2026\/02\/Villa-Zenora-697-1-768x512.jpg 768w, https:\/\/villazenoratatajuba.com\/wp-content\/uploads\/2026\/02\/Villa-Zenora-697-1-1536x1024.jpg 1536w, https:\/\/villazenoratatajuba.com\/wp-content\/uploads\/2026\/02\/Villa-Zenora-697-1-2048x1365.jpg 2048w, https:\/\/villazenoratatajuba.com\/wp-content\/uploads\/2026\/02\/Villa-Zenora-697-1-18x12.jpg 18w\" sizes=\"(max-width: 2560px) 100vw, 2560px\" \/>\t\t\t\t\t\t\t\t\t\t\t\t\t\t\t<\/div>\n\t\t\t\t\t<\/div>\n\t\t\t\t<\/div>\n\t\t<div class=\"elementor-element elementor-element-7ac7800 e-flex e-con-boxed e-con e-parent\" data-id=\"7ac7800\" data-element_type=\"container\" data-e-type=\"container\" data-settings=\"{&quot;background_background&quot;:&quot;classic&quot;}\">\n\t\t\t\t\t<div class=\"e-con-inner\">\n\t\t<div class=\"elementor-element elementor-element-bfd763a e-con-full e-flex e-con e-child\" data-id=\"bfd763a\" data-element_type=\"container\" data-e-type=\"container\" data-settings=\"{&quot;background_background&quot;:&quot;classic&quot;}\">\n\t\t\t\t<div class=\"elementor-element elementor-element-99b2ed4 elementor-position-inline-start elementor-view-default elementor-mobile-position-block-start elementor-widget elementor-widget-icon-box\" data-id=\"99b2ed4\" data-element_type=\"widget\" data-e-type=\"widget\" data-widget_type=\"icon-box.default\">\n\t\t\t\t\t\t\t<div class=\"elementor-icon-box-wrapper\">\n\n\t\t\t\t\t\t<div class=\"elementor-icon-box-icon\">\n\t\t\t\t<span  class=\"elementor-icon\">\n\t\t\t\t<svg aria-hidden=\"true\" class=\"e-font-icon-svg e-fas-user-friends\" viewbox=\"0 0 640 512\" xmlns=\"http:\/\/www.w3.org\/2000\/svg\"><path d=\"M192 256c61.9 0 112-50.1 112-112S253.9 32 192 32 80 82.1 80 144s50.1 112 112 112zm76.8 32h-8.3c-20.8 10-43.9 16-68.5 16s-47.6-6-68.5-16h-8.3C51.6 288 0 339.6 0 403.2V432c0 26.5 21.5 48 48 48h288c26.5 0 48-21.5 48-48v-28.8c0-63.6-51.6-115.2-115.2-115.2zM480 256c53 0 96-43 96-96s-43-96-96-96-96 43-96 96 43 96 96 96zm48 32h-3.8c-13.9 4.8-28.6 8-44.2 8s-30.3-3.2-44.2-8H432c-20.4 0-39.2 5.9-55.7 15.4 24.4 26.3 39.7 61.2 39.7 99.8v38.4c0 2.2-.5 4.3-.6 6.4H592c26.5 0 48-21.5 48-48 0-61.9-50.1-112-112-112z\"><\/path><\/svg>\t\t\t\t<\/span>\n\t\t\t<\/div>\n\t\t\t\n\t\t\t\t\t\t<div class=\"elementor-icon-box-content\">\n\n\t\t\t\t\t\t\t\t\t<h3 class=\"elementor-icon-box-title\">\n\t\t\t\t\t\t<span  >\n\t\t\t\t\t\t\tTransporte privado\t\t\t\t\t\t<\/span>\n\t\t\t\t\t<\/h3>\n\t\t\t\t\n\t\t\t\t\t\t\t\t\t<p class=\"elementor-icon-box-description\">\n\t\t\t\t\t\tLa forma m\u00e1s c\u00f3moda y conveniente de llegar a Tatajuba es reservar un traslado privado desde Fortaleza. El viaje dura entre 6 y 7 horas, dependiendo del estado de la carretera y las paradas.\n\nLos traslados suelen realizarse en veh\u00edculos 4x4 con aire acondicionado, conducidos por profesionales con amplia experiencia que conocen bien la regi\u00f3n y pueden transitar con seguridad por los caminos de arena que conducen al pueblo.\t\t\t\t\t<\/p>\n\t\t\t\t\n\t\t\t<\/div>\n\t\t\t\n\t\t<\/div>\n\t\t\t\t\t\t<\/div>\n\t\t\t\t<\/div>\n\t\t<div class=\"elementor-element elementor-element-42b3d32 e-con-full e-flex e-con e-child\" data-id=\"42b3d32\" data-element_type=\"container\" data-e-type=\"container\" data-settings=\"{&quot;background_background&quot;:&quot;classic&quot;}\">\n\t\t\t\t<div class=\"elementor-element elementor-element-7f96325 elementor-position-inline-start elementor-view-default elementor-mobile-position-block-start elementor-widget elementor-widget-icon-box\" data-id=\"7f96325\" data-element_type=\"widget\" data-e-type=\"widget\" data-widget_type=\"icon-box.default\">\n\t\t\t\t\t\t\t<div class=\"elementor-icon-box-wrapper\">\n\n\t\t\t\t\t\t<div class=\"elementor-icon-box-icon\">\n\t\t\t\t<span  class=\"elementor-icon\">\n\t\t\t\t<svg aria-hidden=\"true\" class=\"e-font-icon-svg e-fas-car-side\" viewbox=\"0 0 640 512\" xmlns=\"http:\/\/www.w3.org\/2000\/svg\"><path d=\"M544 192h-16L419.22 56.02A64.025 64.025 0 0 0 369.24 32H155.33c-26.17 0-49.7 15.93-59.42 40.23L48 194.26C20.44 201.4 0 226.21 0 256v112c0 8.84 7.16 16 16 16h48c0 53.02 42.98 96 96 96s96-42.98 96-96h128c0 53.02 42.98 96 96 96s96-42.98 96-96h48c8.84 0 16-7.16 16-16v-80c0-53.02-42.98-96-96-96zM160 432c-26.47 0-48-21.53-48-48s21.53-48 48-48 48 21.53 48 48-21.53 48-48 48zm72-240H116.93l38.4-96H232v96zm48 0V96h89.24l76.8 96H280zm200 240c-26.47 0-48-21.53-48-48s21.53-48 48-48 48 21.53 48 48-21.53 48-48 48z\"><\/path><\/svg>\t\t\t\t<\/span>\n\t\t\t<\/div>\n\t\t\t\n\t\t\t\t\t\t<div class=\"elementor-icon-box-content\">\n\n\t\t\t\t\t\t\t\t\t<h3 class=\"elementor-icon-box-title\">\n\t\t\t\t\t\t<span  >\n\t\t\t\t\t\t\t2. Alquiler de veh\u00edculo 4x4\t\t\t\t\t\t<\/span>\n\t\t\t\t\t<\/h3>\n\t\t\t\t\n\t\t\t\t\t\t\t\t\t<p class=\"elementor-icon-box-description\">\n\t\t\t\t\t\tOtra excelente opci\u00f3n es alquilar un veh\u00edculo 4x4 directamente en el Aeropuerto de Fortaleza. El trayecto sigue por la carretera CE-085 (Rodovia do Sol Poente), pasando por ciudades como Itapipoca y Acara\u00fa antes de llegar a Jijoca de Jericoacoara.\n\nUna vez en Jijoca, es muy recomendable contratar un gu\u00eda local para el tramo final hacia Tatajuba \u2014 una ruta que cruza dunas y senderos arenosos y requiere conocimiento de la zona. Adem\u00e1s de garantizar seguridad, el gu\u00eda puede enriquecer el viaje mostrando miradores y lagunas escondidas a lo largo del recorrido.\t\t\t\t\t<\/p>\n\t\t\t\t\n\t\t\t<\/div>\n\t\t\t\n\t\t<\/div>\n\t\t\t\t\t\t<\/div>\n\t\t\t\t<\/div>\n\t\t<div class=\"elementor-element elementor-element-7d90ccb e-con-full e-flex e-con e-child\" data-id=\"7d90ccb\" data-element_type=\"container\" data-e-type=\"container\" data-settings=\"{&quot;background_background&quot;:&quot;classic&quot;}\">\n\t\t\t\t<div class=\"elementor-element elementor-element-593807b elementor-position-inline-start elementor-view-default elementor-mobile-position-block-start elementor-widget elementor-widget-icon-box\" data-id=\"593807b\" data-element_type=\"widget\" data-e-type=\"widget\" data-widget_type=\"icon-box.default\">\n\t\t\t\t\t\t\t<div class=\"elementor-icon-box-wrapper\">\n\n\t\t\t\t\t\t<div class=\"elementor-icon-box-icon\">\n\t\t\t\t<span  class=\"elementor-icon\">\n\t\t\t\t<svg aria-hidden=\"true\" class=\"e-font-icon-svg e-fas-helicopter\" viewbox=\"0 0 640 512\" xmlns=\"http:\/\/www.w3.org\/2000\/svg\"><path d=\"M304 384h272c17.67 0 32-14.33 32-32 0-123.71-100.29-224-224-224V64h176c8.84 0 16-7.16 16-16V16c0-8.84-7.16-16-16-16H144c-8.84 0-16 7.16-16 16v32c0 8.84 7.16 16 16 16h176v64H112L68.8 70.4C65.78 66.37 61.03 64 56 64H16.01C5.6 64-2.04 73.78.49 83.88L32 192l160 64 86.4 115.2A31.992 31.992 0 0 0 304 384zm112-188.49C478.55 208.3 528.03 257.44 540.79 320H416V195.51zm219.37 263.3l-22.15-22.2c-6.25-6.26-16.24-6.1-22.64.01-7.09 6.77-13.84 11.25-24.64 11.25H240c-8.84 0-16 7.18-16 16.03v32.06c0 8.85 7.16 16.03 16 16.03h325.94c14.88 0 35.3-.47 68.45-29.52 7.02-6.14 7.57-17.05.98-23.66z\"><\/path><\/svg>\t\t\t\t<\/span>\n\t\t\t<\/div>\n\t\t\t\n\t\t\t\t\t\t<div class=\"elementor-icon-box-content\">\n\n\t\t\t\t\t\t\t\t\t<h3 class=\"elementor-icon-box-title\">\n\t\t\t\t\t\t<span  >\n\t\t\t\t\t\t\tHelic\u00f3ptero (bajo solicitud)\t\t\t\t\t\t<\/span>\n\t\t\t\t\t<\/h3>\n\t\t\t\t\n\t\t\t\t\t\t\t\t\t<p class=\"elementor-icon-box-description\">\n\t\t\t\t\t\tPara quienes buscan una experiencia verdaderamente exclusiva, tambi\u00e9n es posible organizar Transporte a\u00e9reos privados desde Fortaleza, aterrizando cerca del pueblo. Esta opci\u00f3n, disponible bajo solicitud, ofrece una vista impresionante de la costa de Cear\u00e1 desde arriba.\t\t\t\t\t<\/p>\n\t\t\t\t\n\t\t\t<\/div>\n\t\t\t\n\t\t<\/div>\n\t\t\t\t\t\t<\/div>\n\t\t\t\t<\/div>\n\t\t\t\t\t<\/div>\n\t\t\t\t<\/div>\n\t\t<div class=\"elementor-element elementor-element-49530e5 e-flex e-con-boxed e-con e-parent\" data-id=\"49530e5\" data-element_type=\"container\" data-e-type=\"container\" data-settings=\"{&quot;background_background&quot;:&quot;classic&quot;}\">\n\t\t\t\t\t<div class=\"e-con-inner\">\n\t\t<div class=\"elementor-element elementor-element-c9bfa09 e-con-full e-flex e-con e-child\" data-id=\"c9bfa09\" data-element_type=\"container\" data-e-type=\"container\">\n\t\t\t\t<div class=\"elementor-element elementor-element-f63376e elementor-widget elementor-widget-heading\" data-id=\"f63376e\" data-element_type=\"widget\" data-e-type=\"widget\" data-widget_type=\"heading.default\">\n\t\t\t\t\t<h2 class=\"elementor-heading-title elementor-size-default\">Nuestra ubicaci\u00f3n<\/h2>\t\t\t\t<\/div>\n\t\t\t\t<div class=\"elementor-element elementor-element-d04d73d elementor-widget elementor-widget-google_maps\" data-id=\"d04d73d\" data-element_type=\"widget\" data-e-type=\"widget\" data-widget_type=\"google_maps.default\">\n\t\t\t\t\t\t\t<div class=\"elementor-custom-embed\">\n\t\t\t<iframe loading=\"lazy\"\n\t\t\t\t\tsrc=\"https:\/\/maps.google.com\/maps?q=2%C2%B051%2714.9%22S%2040%C2%B041%2739.6%22W&#038;t=m&#038;z=14&#038;output=embed&#038;iwloc=near\"\n\t\t\t\t\ttitle=\"2\u00b051&#039;14.9&quot;S 40\u00b041&#039;39.6&quot;W\"\n\t\t\t\t\taria-label=\"2\u00b051&#039;14.9&quot;S 40\u00b041&#039;39.6&quot;W\"\n\t\t\t><\/iframe>\n\t\t<\/div>\n\t\t\t\t\t\t<\/div>\n\t\t\t\t<\/div>\n\t\t\t\t\t<\/div>\n\t\t\t\t<\/div>\n\t\t<div class=\"elementor-element elementor-element-4de324f e-flex e-con-boxed e-con e-parent\" data-id=\"4de324f\" data-element_type=\"container\" data-e-type=\"container\" data-settings=\"{&quot;background_background&quot;:&quot;classic&quot;}\">\n\t\t\t\t\t<div class=\"e-con-inner\">\n\t\t\t\t<div class=\"elementor-element elementor-element-3f65acb elementor-widget__width-initial elementor-view-default elementor-position-block-start elementor-mobile-position-block-start elementor-widget elementor-widget-icon-box\" data-id=\"3f65acb\" data-element_type=\"widget\" data-e-type=\"widget\" data-widget_type=\"icon-box.default\">\n\t\t\t\t\t\t\t<div class=\"elementor-icon-box-wrapper\">\n\n\t\t\t\t\t\t<div class=\"elementor-icon-box-icon\">\n\t\t\t\t<span  class=\"elementor-icon\">\n\t\t\t\t<svg aria-hidden=\"true\" class=\"e-font-icon-svg e-fas-map-marker-alt\" viewbox=\"0 0 384 512\" xmlns=\"http:\/\/www.w3.org\/2000\/svg\"><path d=\"M172.268 501.67C26.97 291.031 0 269.413 0 192 0 85.961 85.961 0 192 0s192 85.961 192 192c0 77.413-26.97 99.031-172.268 309.67-9.535 13.774-29.93 13.773-39.464 0zM192 272c44.183 0 80-35.817 80-80s-35.817-80-80-80-80 35.817-80 80 35.817 80 80 80z\"><\/path><\/svg>\t\t\t\t<\/span>\n\t\t\t<\/div>\n\t\t\t\n\t\t\t\t\t\t<div class=\"elementor-icon-box-content\">\n\n\t\t\t\t\t\t\t\t\t<h3 class=\"elementor-icon-box-title\">\n\t\t\t\t\t\t<span  >\n\t\t\t\t\t\t\t\u00bfNecesitas ayuda para planear tu viaje?\t\t\t\t\t\t<\/span>\n\t\t\t\t\t<\/h3>\n\t\t\t\t\n\t\t\t\t\t\t\t\t\t<p class=\"elementor-icon-box-description\">\n\t\t\t\t\t\tNuestro equipo puede ayudar a coordinar el transporte y brindar indicaciones detalladas para garantizar un viaje sin complicaciones hasta Villa Zenora.\t\t\t\t\t<\/p>\n\t\t\t\t\n\t\t\t<\/div>\n\t\t\t\n\t\t<\/div>\n\t\t\t\t\t\t<\/div>\n\t\t\t\t<div class=\"elementor-element elementor-element-a60144f elementor-align-center elementor-widget elementor-widget-button\" data-id=\"a60144f\" data-element_type=\"widget\" data-e-type=\"widget\" data-widget_type=\"button.default\">\n\t\t\t\t\t\t\t\t\t\t<a class=\"elementor-button elementor-button-link elementor-size-sm\" href=\"https:\/\/wa.me\/+436643950407\" target=\"_blank\">\n\t\t\t\t\t\t<span class=\"elementor-button-content-wrapper\">\n\t\t\t\t\t\t\t\t\t<span class=\"elementor-button-text\">Cont\u00e1ctanos<\/span>\n\t\t\t\t\t<\/span>\n\t\t\t\t\t<\/a>\n\t\t\t\t\t\t\t\t<\/div>\n\t\t\t\t\t<\/div>\n\t\t\t\t<\/div>\n\t\t\t\t<\/div>","protected":false},"excerpt":{"rendered":"<p>How to Get Here Your journey to paradise starts here Tatajuba Beach is located about 390 km from Fortaleza International Airport (Pinto Martins), on the stunning west coast of Cear\u00e1. The journey is a true immersion in Brazil&#8217;s northeastern landscape, passing through fishing villages, lagoons, and dunes that set the tone for the paradise awaiting [&hellip;]<\/p>\n","protected":false},"author":2,"featured_media":0,"parent":0,"menu_order":0,"comment_status":"closed","ping_status":"closed","template":"","meta":{"footnotes":""},"class_list":["post-493","page","type-page","status-publish","hentry"],"yoast_head":"<!-- This site is optimized with the Yoast SEO plugin v27.3 - https:\/\/yoast.com\/product\/yoast-seo-wordpress\/ -->\n<title>How to Get Here - villazenoratatajuba.com<\/title>\n<meta name=\"robots\" content=\"index, follow, max-snippet:-1, max-image-preview:large, max-video-preview:-1\" \/>\n<link rel=\"canonical\" href=\"https:\/\/villazenoratatajuba.com\/es\/how-to-get-here\/\" \/>\n<meta property=\"og:locale\" content=\"es_ES\" \/>\n<meta property=\"og:type\" content=\"article\" \/>\n<meta property=\"og:title\" content=\"How to Get Here - villazenoratatajuba.com\" \/>\n<meta property=\"og:description\" content=\"How to Get Here Your journey to paradise starts here Tatajuba Beach is located about 390 km from Fortaleza International Airport (Pinto Martins), on the stunning west coast of Cear\u00e1. The journey is a true immersion in Brazil&#8217;s northeastern landscape, passing through fishing villages, lagoons, and dunes that set the tone for the paradise awaiting [&hellip;]\" \/>\n<meta property=\"og:url\" content=\"https:\/\/villazenoratatajuba.com\/es\/how-to-get-here\/\" \/>\n<meta property=\"og:site_name\" content=\"villazenoratatajuba.com\" \/>\n<meta property=\"article:modified_time\" content=\"2026-04-07T01:11:50+00:00\" \/>\n<meta property=\"og:image\" content=\"https:\/\/villazenoratatajuba.com\/wp-content\/uploads\/2026\/02\/Villa-Zenora-697-1-scaled.jpg\" \/>\n\t<meta property=\"og:image:width\" content=\"2560\" \/>\n\t<meta property=\"og:image:height\" content=\"1707\" \/>\n\t<meta property=\"og:image:type\" content=\"image\/jpeg\" \/>\n<meta name=\"twitter:card\" content=\"summary_large_image\" \/>\n<meta name=\"twitter:label1\" content=\"Tiempo de lectura\" \/>\n\t<meta name=\"twitter:data1\" content=\"2 minutos\" \/>\n<script type=\"application\/ld+json\" class=\"yoast-schema-graph\">{\"@context\":\"https:\\\/\\\/schema.org\",\"@graph\":[{\"@type\":\"WebPage\",\"@id\":\"https:\\\/\\\/villazenoratatajuba.com\\\/how-to-get-here\\\/\",\"url\":\"https:\\\/\\\/villazenoratatajuba.com\\\/how-to-get-here\\\/\",\"name\":\"How to Get Here - villazenoratatajuba.com\",\"isPartOf\":{\"@id\":\"https:\\\/\\\/villazenoratatajuba.com\\\/#website\"},\"primaryImageOfPage\":{\"@id\":\"https:\\\/\\\/villazenoratatajuba.com\\\/how-to-get-here\\\/#primaryimage\"},\"image\":{\"@id\":\"https:\\\/\\\/villazenoratatajuba.com\\\/how-to-get-here\\\/#primaryimage\"},\"thumbnailUrl\":\"https:\\\/\\\/villazenoratatajuba.com\\\/wp-content\\\/uploads\\\/2026\\\/02\\\/Villa-Zenora-697-1-scaled.jpg\",\"datePublished\":\"2025-12-02T15:05:57+00:00\",\"dateModified\":\"2026-04-07T01:11:50+00:00\",\"breadcrumb\":{\"@id\":\"https:\\\/\\\/villazenoratatajuba.com\\\/how-to-get-here\\\/#breadcrumb\"},\"inLanguage\":\"es\",\"potentialAction\":[{\"@type\":\"ReadAction\",\"target\":[\"https:\\\/\\\/villazenoratatajuba.com\\\/how-to-get-here\\\/\"]}]},{\"@type\":\"ImageObject\",\"inLanguage\":\"es\",\"@id\":\"https:\\\/\\\/villazenoratatajuba.com\\\/how-to-get-here\\\/#primaryimage\",\"url\":\"https:\\\/\\\/villazenoratatajuba.com\\\/wp-content\\\/uploads\\\/2026\\\/02\\\/Villa-Zenora-697-1-scaled.jpg\",\"contentUrl\":\"https:\\\/\\\/villazenoratatajuba.com\\\/wp-content\\\/uploads\\\/2026\\\/02\\\/Villa-Zenora-697-1-scaled.jpg\"},{\"@type\":\"BreadcrumbList\",\"@id\":\"https:\\\/\\\/villazenoratatajuba.com\\\/how-to-get-here\\\/#breadcrumb\",\"itemListElement\":[{\"@type\":\"ListItem\",\"position\":1,\"name\":\"Home\",\"item\":\"https:\\\/\\\/villazenoratatajuba.com\\\/\"},{\"@type\":\"ListItem\",\"position\":2,\"name\":\"How to Get Here\"}]},{\"@type\":\"WebSite\",\"@id\":\"https:\\\/\\\/villazenoratatajuba.com\\\/#website\",\"url\":\"https:\\\/\\\/villazenoratatajuba.com\\\/\",\"name\":\"villazenoratatajuba.com\",\"description\":\"Villa Zenora em Tatajuba - Ref\u00fagio de paz\",\"publisher\":{\"@id\":\"https:\\\/\\\/villazenoratatajuba.com\\\/#organization\"},\"potentialAction\":[{\"@type\":\"SearchAction\",\"target\":{\"@type\":\"EntryPoint\",\"urlTemplate\":\"https:\\\/\\\/villazenoratatajuba.com\\\/?s={search_term_string}\"},\"query-input\":{\"@type\":\"PropertyValueSpecification\",\"valueRequired\":true,\"valueName\":\"search_term_string\"}}],\"inLanguage\":\"es\"},{\"@type\":\"Organization\",\"@id\":\"https:\\\/\\\/villazenoratatajuba.com\\\/#organization\",\"name\":\"Villa Zenora Tatajuba\",\"url\":\"https:\\\/\\\/villazenoratatajuba.com\\\/\",\"logo\":{\"@type\":\"ImageObject\",\"inLanguage\":\"es\",\"@id\":\"https:\\\/\\\/villazenoratatajuba.com\\\/#\\\/schema\\\/logo\\\/image\\\/\",\"url\":\"https:\\\/\\\/villazenoratatajuba.com\\\/wp-content\\\/uploads\\\/2025\\\/11\\\/LOGO-7-scaled.png\",\"contentUrl\":\"https:\\\/\\\/villazenoratatajuba.com\\\/wp-content\\\/uploads\\\/2025\\\/11\\\/LOGO-7-scaled.png\",\"width\":2560,\"height\":2313,\"caption\":\"Villa Zenora Tatajuba\"},\"image\":{\"@id\":\"https:\\\/\\\/villazenoratatajuba.com\\\/#\\\/schema\\\/logo\\\/image\\\/\"},\"sameAs\":[\"https:\\\/\\\/www.instagram.com\\\/villazenoratatajuba\\\/\",\"https:\\\/\\\/www.threads.com\\\/@villazenoratatajuba?igshid=NTc4MTIwNjQ2YQ\",\"https:\\\/\\\/www.youtube.com\\\/@villazenoratatajuba\"]}]}<\/script>\n<!-- \/ Yoast SEO plugin. -->","yoast_head_json":{"title":"How to Get Here - villazenoratatajuba.com","robots":{"index":"index","follow":"follow","max-snippet":"max-snippet:-1","max-image-preview":"max-image-preview:large","max-video-preview":"max-video-preview:-1"},"canonical":"https:\/\/villazenoratatajuba.com\/es\/how-to-get-here\/","og_locale":"es_ES","og_type":"article","og_title":"How to Get Here - villazenoratatajuba.com","og_description":"How to Get Here Your journey to paradise starts here Tatajuba Beach is located about 390 km from Fortaleza International Airport (Pinto Martins), on the stunning west coast of Cear\u00e1. The journey is a true immersion in Brazil&#8217;s northeastern landscape, passing through fishing villages, lagoons, and dunes that set the tone for the paradise awaiting [&hellip;]","og_url":"https:\/\/villazenoratatajuba.com\/es\/how-to-get-here\/","og_site_name":"villazenoratatajuba.com","article_modified_time":"2026-04-07T01:11:50+00:00","og_image":[{"width":2560,"height":1707,"url":"https:\/\/villazenoratatajuba.com\/wp-content\/uploads\/2026\/02\/Villa-Zenora-697-1-scaled.jpg","type":"image\/jpeg"}],"twitter_card":"summary_large_image","twitter_misc":{"Tiempo de lectura":"2 minutos"},"schema":{"@context":"https:\/\/schema.org","@graph":[{"@type":"WebPage","@id":"https:\/\/villazenoratatajuba.com\/how-to-get-here\/","url":"https:\/\/villazenoratatajuba.com\/how-to-get-here\/","name":"How to Get Here - villazenoratatajuba.com","isPartOf":{"@id":"https:\/\/villazenoratatajuba.com\/#website"},"primaryImageOfPage":{"@id":"https:\/\/villazenoratatajuba.com\/how-to-get-here\/#primaryimage"},"image":{"@id":"https:\/\/villazenoratatajuba.com\/how-to-get-here\/#primaryimage"},"thumbnailUrl":"https:\/\/villazenoratatajuba.com\/wp-content\/uploads\/2026\/02\/Villa-Zenora-697-1-scaled.jpg","datePublished":"2025-12-02T15:05:57+00:00","dateModified":"2026-04-07T01:11:50+00:00","breadcrumb":{"@id":"https:\/\/villazenoratatajuba.com\/how-to-get-here\/#breadcrumb"},"inLanguage":"es","potentialAction":[{"@type":"ReadAction","target":["https:\/\/villazenoratatajuba.com\/how-to-get-here\/"]}]},{"@type":"ImageObject","inLanguage":"es","@id":"https:\/\/villazenoratatajuba.com\/how-to-get-here\/#primaryimage","url":"https:\/\/villazenoratatajuba.com\/wp-content\/uploads\/2026\/02\/Villa-Zenora-697-1-scaled.jpg","contentUrl":"https:\/\/villazenoratatajuba.com\/wp-content\/uploads\/2026\/02\/Villa-Zenora-697-1-scaled.jpg"},{"@type":"BreadcrumbList","@id":"https:\/\/villazenoratatajuba.com\/how-to-get-here\/#breadcrumb","itemListElement":[{"@type":"ListItem","position":1,"name":"Home","item":"https:\/\/villazenoratatajuba.com\/"},{"@type":"ListItem","position":2,"name":"How to Get Here"}]},{"@type":"WebSite","@id":"https:\/\/villazenoratatajuba.com\/#website","url":"https:\/\/villazenoratatajuba.com\/","name":"villazenoratatajuba.com","description":"Villa Zenora em Tatajuba - Ref\u00fagio de paz","publisher":{"@id":"https:\/\/villazenoratatajuba.com\/#organization"},"potentialAction":[{"@type":"SearchAction","target":{"@type":"EntryPoint","urlTemplate":"https:\/\/villazenoratatajuba.com\/?s={search_term_string}"},"query-input":{"@type":"PropertyValueSpecification","valueRequired":true,"valueName":"search_term_string"}}],"inLanguage":"es"},{"@type":"Organization","@id":"https:\/\/villazenoratatajuba.com\/#organization","name":"Villa Zenora Tatajuba","url":"https:\/\/villazenoratatajuba.com\/","logo":{"@type":"ImageObject","inLanguage":"es","@id":"https:\/\/villazenoratatajuba.com\/#\/schema\/logo\/image\/","url":"https:\/\/villazenoratatajuba.com\/wp-content\/uploads\/2025\/11\/LOGO-7-scaled.png","contentUrl":"https:\/\/villazenoratatajuba.com\/wp-content\/uploads\/2025\/11\/LOGO-7-scaled.png","width":2560,"height":2313,"caption":"Villa Zenora Tatajuba"},"image":{"@id":"https:\/\/villazenoratatajuba.com\/#\/schema\/logo\/image\/"},"sameAs":["https:\/\/www.instagram.com\/villazenoratatajuba\/","https:\/\/www.threads.com\/@villazenoratatajuba?igshid=NTc4MTIwNjQ2YQ","https:\/\/www.youtube.com\/@villazenoratatajuba"]}]}},"_links":{"self":[{"href":"https:\/\/villazenoratatajuba.com\/es\/wp-json\/wp\/v2\/pages\/493","targetHints":{"allow":["GET"]}}],"collection":[{"href":"https:\/\/villazenoratatajuba.com\/es\/wp-json\/wp\/v2\/pages"}],"about":[{"href":"https:\/\/villazenoratatajuba.com\/es\/wp-json\/wp\/v2\/types\/page"}],"author":[{"embeddable":true,"href":"https:\/\/villazenoratatajuba.com\/es\/wp-json\/wp\/v2\/users\/2"}],"replies":[{"embeddable":true,"href":"https:\/\/villazenoratatajuba.com\/es\/wp-json\/wp\/v2\/comments?post=493"}],"version-history":[{"count":40,"href":"https:\/\/villazenoratatajuba.com\/es\/wp-json\/wp\/v2\/pages\/493\/revisions"}],"predecessor-version":[{"id":1555,"href":"https:\/\/villazenoratatajuba.com\/es\/wp-json\/wp\/v2\/pages\/493\/revisions\/1555"}],"wp:attachment":[{"href":"https:\/\/villazenoratatajuba.com\/es\/wp-json\/wp\/v2\/media?parent=493"}],"curies":[{"name":"wp","href":"https:\/\/api.w.org\/{rel}","templated":true}]}}