{"id":493,"date":"2025-12-02T15:05:57","date_gmt":"2025-12-02T15:05:57","guid":{"rendered":"https:\/\/villazenoratatajuba.com\/?page_id=493"},"modified":"2026-04-07T01:11:50","modified_gmt":"2026-04-07T01:11:50","slug":"how-to-get-here","status":"publish","type":"page","link":"https:\/\/villazenoratatajuba.com\/pt\/how-to-get-here\/","title":{"rendered":"Como Chegar"},"content":{"rendered":"<div data-elementor-type=\"wp-page\" data-elementor-id=\"493\" class=\"elementor elementor-493\" data-elementor-post-type=\"page\">\n\t\t\t\t<div class=\"elementor-element elementor-element-7562e0e e-flex e-con-boxed e-con e-parent\" data-id=\"7562e0e\" data-element_type=\"container\" data-e-type=\"container\" data-settings=\"{&quot;background_background&quot;:&quot;classic&quot;}\">\n\t\t\t\t\t<div class=\"e-con-inner\">\n\t\t\t\t<div class=\"elementor-element elementor-element-e0b5c3e elementor-widget elementor-widget-heading\" data-id=\"e0b5c3e\" data-element_type=\"widget\" data-e-type=\"widget\" data-widget_type=\"heading.default\">\n\t\t\t\t\t<h2 class=\"elementor-heading-title elementor-size-default\">Como Chegar<\/h2>\t\t\t\t<\/div>\n\t\t\t\t<div class=\"elementor-element elementor-element-f691f0c elementor-widget__width-initial elementor-widget elementor-widget-text-editor\" data-id=\"f691f0c\" data-element_type=\"widget\" data-e-type=\"widget\" data-widget_type=\"text-editor.default\">\n\t\t\t\t\t\t\t\t\t<section class=\"pt-32 pb-20 px-4 bg-background\"><div class=\"container mx-auto max-w-4xl text-center\"><section class=\"pt-32 pb-20 px-4 bg-background\"><div class=\"container mx-auto max-w-4xl text-center\"><p class=\"text-muted-foreground text-lg md:text-xl\">Sua jornada para o para\u00edso come\u00e7a aqui<\/p><\/div><\/section><section class=\"px-4 pb-12\"><\/section><\/div><\/section><section class=\"px-4 pb-12\"><\/section>\t\t\t\t\t\t\t\t<\/div>\n\t\t\t\t<div class=\"elementor-element elementor-element-88470b4 elementor-widget__width-initial elementor-widget elementor-widget-text-editor\" data-id=\"88470b4\" data-element_type=\"widget\" data-e-type=\"widget\" data-widget_type=\"text-editor.default\">\n\t\t\t\t\t\t\t\t\t<p>A Praia de Tatajuba est\u00e1 localizada a cerca de 390 km do Aeroporto Internacional de Fortaleza (Pinto Martins), na deslumbrante costa oeste do Cear\u00e1. O trajeto \u00e9 uma verdadeira imers\u00e3o na paisagem do Nordeste brasileiro, passando por vilas de pescadores, lagoas e dunas que j\u00e1 anunciam o para\u00edso que espera por voc\u00ea no destino.<\/p>\t\t\t\t\t\t\t\t<\/div>\n\t\t\t\t<div class=\"elementor-element elementor-element-d88aad9 elementor-widget__width-inherit elementor-widget elementor-widget-image\" data-id=\"d88aad9\" data-element_type=\"widget\" data-e-type=\"widget\" data-widget_type=\"image.default\">\n\t\t\t\t\t\t\t\t\t\t\t\t\t\t\t<img fetchpriority=\"high\" decoding=\"async\" width=\"2560\" height=\"1707\" src=\"https:\/\/villazenoratatajuba.com\/wp-content\/uploads\/2026\/02\/Villa-Zenora-697-1-scaled.jpg\" class=\"attachment-full size-full wp-image-1294\" alt=\"\" srcset=\"https:\/\/villazenoratatajuba.com\/wp-content\/uploads\/2026\/02\/Villa-Zenora-697-1-scaled.jpg 2560w, https:\/\/villazenoratatajuba.com\/wp-content\/uploads\/2026\/02\/Villa-Zenora-697-1-300x200.jpg 300w, https:\/\/villazenoratatajuba.com\/wp-content\/uploads\/2026\/02\/Villa-Zenora-697-1-1024x683.jpg 1024w, https:\/\/villazenoratatajuba.com\/wp-content\/uploads\/2026\/02\/Villa-Zenora-697-1-768x512.jpg 768w, https:\/\/villazenoratatajuba.com\/wp-content\/uploads\/2026\/02\/Villa-Zenora-697-1-1536x1024.jpg 1536w, https:\/\/villazenoratatajuba.com\/wp-content\/uploads\/2026\/02\/Villa-Zenora-697-1-2048x1365.jpg 2048w, https:\/\/villazenoratatajuba.com\/wp-content\/uploads\/2026\/02\/Villa-Zenora-697-1-18x12.jpg 18w\" sizes=\"(max-width: 2560px) 100vw, 2560px\" \/>\t\t\t\t\t\t\t\t\t\t\t\t\t\t\t<\/div>\n\t\t\t\t\t<\/div>\n\t\t\t\t<\/div>\n\t\t<div class=\"elementor-element elementor-element-7ac7800 e-flex e-con-boxed e-con e-parent\" data-id=\"7ac7800\" data-element_type=\"container\" data-e-type=\"container\" data-settings=\"{&quot;background_background&quot;:&quot;classic&quot;}\">\n\t\t\t\t\t<div class=\"e-con-inner\">\n\t\t<div class=\"elementor-element elementor-element-bfd763a e-con-full e-flex e-con e-child\" data-id=\"bfd763a\" data-element_type=\"container\" data-e-type=\"container\" data-settings=\"{&quot;background_background&quot;:&quot;classic&quot;}\">\n\t\t\t\t<div class=\"elementor-element elementor-element-99b2ed4 elementor-position-inline-start elementor-view-default elementor-mobile-position-block-start elementor-widget elementor-widget-icon-box\" data-id=\"99b2ed4\" data-element_type=\"widget\" data-e-type=\"widget\" data-widget_type=\"icon-box.default\">\n\t\t\t\t\t\t\t<div class=\"elementor-icon-box-wrapper\">\n\n\t\t\t\t\t\t<div class=\"elementor-icon-box-icon\">\n\t\t\t\t<span  class=\"elementor-icon\">\n\t\t\t\t<svg aria-hidden=\"true\" class=\"e-font-icon-svg e-fas-user-friends\" viewbox=\"0 0 640 512\" xmlns=\"http:\/\/www.w3.org\/2000\/svg\"><path d=\"M192 256c61.9 0 112-50.1 112-112S253.9 32 192 32 80 82.1 80 144s50.1 112 112 112zm76.8 32h-8.3c-20.8 10-43.9 16-68.5 16s-47.6-6-68.5-16h-8.3C51.6 288 0 339.6 0 403.2V432c0 26.5 21.5 48 48 48h288c26.5 0 48-21.5 48-48v-28.8c0-63.6-51.6-115.2-115.2-115.2zM480 256c53 0 96-43 96-96s-43-96-96-96-96 43-96 96 43 96 96 96zm48 32h-3.8c-13.9 4.8-28.6 8-44.2 8s-30.3-3.2-44.2-8H432c-20.4 0-39.2 5.9-55.7 15.4 24.4 26.3 39.7 61.2 39.7 99.8v38.4c0 2.2-.5 4.3-.6 6.4H592c26.5 0 48-21.5 48-48 0-61.9-50.1-112-112-112z\"><\/path><\/svg>\t\t\t\t<\/span>\n\t\t\t<\/div>\n\t\t\t\n\t\t\t\t\t\t<div class=\"elementor-icon-box-content\">\n\n\t\t\t\t\t\t\t\t\t<h3 class=\"elementor-icon-box-title\">\n\t\t\t\t\t\t<span  >\n\t\t\t\t\t\t\tTransporte privado\t\t\t\t\t\t<\/span>\n\t\t\t\t\t<\/h3>\n\t\t\t\t\n\t\t\t\t\t\t\t\t\t<p class=\"elementor-icon-box-description\">\n\t\t\t\t\t\tA maneira mais pr\u00e1tica e confort\u00e1vel de chegar a Tatajuba \u00e9 reservando um transfer particular saindo de Fortaleza. A viagem dura em torno de 6 a 7 horas, dependendo das condi\u00e7\u00f5es da estrada e das paradas ao longo do caminho.\n\nOs transfers geralmente s\u00e3o feitos em ve\u00edculos 4x4 com ar-condicionado, conduzidos por profissionais experientes que conhecem bem a regi\u00e3o e podem trafegar com seguran\u00e7a pelas estradas de areia que levam \u00e0 vila.\t\t\t\t\t<\/p>\n\t\t\t\t\n\t\t\t<\/div>\n\t\t\t\n\t\t<\/div>\n\t\t\t\t\t\t<\/div>\n\t\t\t\t<\/div>\n\t\t<div class=\"elementor-element elementor-element-42b3d32 e-con-full e-flex e-con e-child\" data-id=\"42b3d32\" data-element_type=\"container\" data-e-type=\"container\" data-settings=\"{&quot;background_background&quot;:&quot;classic&quot;}\">\n\t\t\t\t<div class=\"elementor-element elementor-element-7f96325 elementor-position-inline-start elementor-view-default elementor-mobile-position-block-start elementor-widget elementor-widget-icon-box\" data-id=\"7f96325\" data-element_type=\"widget\" data-e-type=\"widget\" data-widget_type=\"icon-box.default\">\n\t\t\t\t\t\t\t<div class=\"elementor-icon-box-wrapper\">\n\n\t\t\t\t\t\t<div class=\"elementor-icon-box-icon\">\n\t\t\t\t<span  class=\"elementor-icon\">\n\t\t\t\t<svg aria-hidden=\"true\" class=\"e-font-icon-svg e-fas-car-side\" viewbox=\"0 0 640 512\" xmlns=\"http:\/\/www.w3.org\/2000\/svg\"><path d=\"M544 192h-16L419.22 56.02A64.025 64.025 0 0 0 369.24 32H155.33c-26.17 0-49.7 15.93-59.42 40.23L48 194.26C20.44 201.4 0 226.21 0 256v112c0 8.84 7.16 16 16 16h48c0 53.02 42.98 96 96 96s96-42.98 96-96h128c0 53.02 42.98 96 96 96s96-42.98 96-96h48c8.84 0 16-7.16 16-16v-80c0-53.02-42.98-96-96-96zM160 432c-26.47 0-48-21.53-48-48s21.53-48 48-48 48 21.53 48 48-21.53 48-48 48zm72-240H116.93l38.4-96H232v96zm48 0V96h89.24l76.8 96H280zm200 240c-26.47 0-48-21.53-48-48s21.53-48 48-48 48 21.53 48 48-21.53 48-48 48z\"><\/path><\/svg>\t\t\t\t<\/span>\n\t\t\t<\/div>\n\t\t\t\n\t\t\t\t\t\t<div class=\"elementor-icon-box-content\">\n\n\t\t\t\t\t\t\t\t\t<h3 class=\"elementor-icon-box-title\">\n\t\t\t\t\t\t<span  >\n\t\t\t\t\t\t\t2. Aluguel de ve\u00edculo 4x4\t\t\t\t\t\t<\/span>\n\t\t\t\t\t<\/h3>\n\t\t\t\t\n\t\t\t\t\t\t\t\t\t<p class=\"elementor-icon-box-description\">\n\t\t\t\t\t\tOutra excelente op\u00e7\u00e3o \u00e9 alugar um ve\u00edculo 4x4 diretamente no Aeroporto de Fortaleza. O trajeto segue pela rodovia CE-085 (Rodovia do Sol Poente), passando por cidades como Itapipoca e Acara\u00fa antes de chegar a Jijoca de Jericoacoara.\n\nAo chegar em Jijoca, \u00e9 altamente recomend\u00e1vel contratar um guia local para o trecho final at\u00e9 Tatajuba \u2014 uma rota que cruza dunas e trilhas de areia e exige certa experi\u00eancia da regi\u00e3o. Al\u00e9m de garantir seguran\u00e7a, o guia pode enriquecer a viagem mostrando mirantes e lagoas escondidas ao longo do caminho.\t\t\t\t\t<\/p>\n\t\t\t\t\n\t\t\t<\/div>\n\t\t\t\n\t\t<\/div>\n\t\t\t\t\t\t<\/div>\n\t\t\t\t<\/div>\n\t\t<div class=\"elementor-element elementor-element-7d90ccb e-con-full e-flex e-con e-child\" data-id=\"7d90ccb\" data-element_type=\"container\" data-e-type=\"container\" data-settings=\"{&quot;background_background&quot;:&quot;classic&quot;}\">\n\t\t\t\t<div class=\"elementor-element elementor-element-593807b elementor-position-inline-start elementor-view-default elementor-mobile-position-block-start elementor-widget elementor-widget-icon-box\" data-id=\"593807b\" data-element_type=\"widget\" data-e-type=\"widget\" data-widget_type=\"icon-box.default\">\n\t\t\t\t\t\t\t<div class=\"elementor-icon-box-wrapper\">\n\n\t\t\t\t\t\t<div class=\"elementor-icon-box-icon\">\n\t\t\t\t<span  class=\"elementor-icon\">\n\t\t\t\t<svg aria-hidden=\"true\" class=\"e-font-icon-svg e-fas-helicopter\" viewbox=\"0 0 640 512\" xmlns=\"http:\/\/www.w3.org\/2000\/svg\"><path d=\"M304 384h272c17.67 0 32-14.33 32-32 0-123.71-100.29-224-224-224V64h176c8.84 0 16-7.16 16-16V16c0-8.84-7.16-16-16-16H144c-8.84 0-16 7.16-16 16v32c0 8.84 7.16 16 16 16h176v64H112L68.8 70.4C65.78 66.37 61.03 64 56 64H16.01C5.6 64-2.04 73.78.49 83.88L32 192l160 64 86.4 115.2A31.992 31.992 0 0 0 304 384zm112-188.49C478.55 208.3 528.03 257.44 540.79 320H416V195.51zm219.37 263.3l-22.15-22.2c-6.25-6.26-16.24-6.1-22.64.01-7.09 6.77-13.84 11.25-24.64 11.25H240c-8.84 0-16 7.18-16 16.03v32.06c0 8.85 7.16 16.03 16 16.03h325.94c14.88 0 35.3-.47 68.45-29.52 7.02-6.14 7.57-17.05.98-23.66z\"><\/path><\/svg>\t\t\t\t<\/span>\n\t\t\t<\/div>\n\t\t\t\n\t\t\t\t\t\t<div class=\"elementor-icon-box-content\">\n\n\t\t\t\t\t\t\t\t\t<h3 class=\"elementor-icon-box-title\">\n\t\t\t\t\t\t<span  >\n\t\t\t\t\t\t\tHelic\u00f3ptero (sob solicita\u00e7\u00e3o)\t\t\t\t\t\t<\/span>\n\t\t\t\t\t<\/h3>\n\t\t\t\t\n\t\t\t\t\t\t\t\t\t<p class=\"elementor-icon-box-description\">\n\t\t\t\t\t\tPara quem busca uma experi\u00eancia realmente exclusiva, \u00e9 poss\u00edvel organizar transportes a\u00e9reos privados a partir de Fortaleza, aterrissando pr\u00f3ximo \u00e0 vila. Essa op\u00e7\u00e3o, dispon\u00edvel sob solicita\u00e7\u00e3o, oferece uma vista deslumbrante da costa do Cear\u00e1 do alto.\t\t\t\t\t<\/p>\n\t\t\t\t\n\t\t\t<\/div>\n\t\t\t\n\t\t<\/div>\n\t\t\t\t\t\t<\/div>\n\t\t\t\t<\/div>\n\t\t\t\t\t<\/div>\n\t\t\t\t<\/div>\n\t\t<div class=\"elementor-element elementor-element-49530e5 e-flex e-con-boxed e-con e-parent\" data-id=\"49530e5\" data-element_type=\"container\" data-e-type=\"container\" data-settings=\"{&quot;background_background&quot;:&quot;classic&quot;}\">\n\t\t\t\t\t<div class=\"e-con-inner\">\n\t\t<div class=\"elementor-element elementor-element-c9bfa09 e-con-full e-flex e-con e-child\" data-id=\"c9bfa09\" data-element_type=\"container\" data-e-type=\"container\">\n\t\t\t\t<div class=\"elementor-element elementor-element-f63376e elementor-widget elementor-widget-heading\" data-id=\"f63376e\" data-element_type=\"widget\" data-e-type=\"widget\" data-widget_type=\"heading.default\">\n\t\t\t\t\t<h2 class=\"elementor-heading-title elementor-size-default\">Nossa localiza\u00e7\u00e3o<\/h2>\t\t\t\t<\/div>\n\t\t\t\t<div class=\"elementor-element elementor-element-d04d73d elementor-widget elementor-widget-google_maps\" data-id=\"d04d73d\" data-element_type=\"widget\" data-e-type=\"widget\" data-widget_type=\"google_maps.default\">\n\t\t\t\t\t\t\t<div class=\"elementor-custom-embed\">\n\t\t\t<iframe loading=\"lazy\"\n\t\t\t\t\tsrc=\"https:\/\/maps.google.com\/maps?q=2%C2%B051%2714.9%22S%2040%C2%B041%2739.6%22W&#038;t=m&#038;z=14&#038;output=embed&#038;iwloc=near\"\n\t\t\t\t\ttitle=\"2\u00b051&#039;14.9&quot;S 40\u00b041&#039;39.6&quot;W\"\n\t\t\t\t\taria-label=\"2\u00b051&#039;14.9&quot;S 40\u00b041&#039;39.6&quot;W\"\n\t\t\t><\/iframe>\n\t\t<\/div>\n\t\t\t\t\t\t<\/div>\n\t\t\t\t<\/div>\n\t\t\t\t\t<\/div>\n\t\t\t\t<\/div>\n\t\t<div class=\"elementor-element elementor-element-4de324f e-flex e-con-boxed e-con e-parent\" data-id=\"4de324f\" data-element_type=\"container\" data-e-type=\"container\" data-settings=\"{&quot;background_background&quot;:&quot;classic&quot;}\">\n\t\t\t\t\t<div class=\"e-con-inner\">\n\t\t\t\t<div class=\"elementor-element elementor-element-3f65acb elementor-widget__width-initial elementor-view-default elementor-position-block-start elementor-mobile-position-block-start elementor-widget elementor-widget-icon-box\" data-id=\"3f65acb\" data-element_type=\"widget\" data-e-type=\"widget\" data-widget_type=\"icon-box.default\">\n\t\t\t\t\t\t\t<div class=\"elementor-icon-box-wrapper\">\n\n\t\t\t\t\t\t<div class=\"elementor-icon-box-icon\">\n\t\t\t\t<span  class=\"elementor-icon\">\n\t\t\t\t<svg aria-hidden=\"true\" class=\"e-font-icon-svg e-fas-map-marker-alt\" viewbox=\"0 0 384 512\" xmlns=\"http:\/\/www.w3.org\/2000\/svg\"><path d=\"M172.268 501.67C26.97 291.031 0 269.413 0 192 0 85.961 85.961 0 192 0s192 85.961 192 192c0 77.413-26.97 99.031-172.268 309.67-9.535 13.774-29.93 13.773-39.464 0zM192 272c44.183 0 80-35.817 80-80s-35.817-80-80-80-80 35.817-80 80 35.817 80 80 80z\"><\/path><\/svg>\t\t\t\t<\/span>\n\t\t\t<\/div>\n\t\t\t\n\t\t\t\t\t\t<div class=\"elementor-icon-box-content\">\n\n\t\t\t\t\t\t\t\t\t<h3 class=\"elementor-icon-box-title\">\n\t\t\t\t\t\t<span  >\n\t\t\t\t\t\t\tPrecisa de ajuda para planejar sua viagem?\t\t\t\t\t\t<\/span>\n\t\t\t\t\t<\/h3>\n\t\t\t\t\n\t\t\t\t\t\t\t\t\t<p class=\"elementor-icon-box-description\">\n\t\t\t\t\t\tNossa equipe pode ajudar a organizar o transporte e fornecer orienta\u00e7\u00f5es detalhadas para garantir uma viagem tranquila at\u00e9 a Villa Zenora.\t\t\t\t\t<\/p>\n\t\t\t\t\n\t\t\t<\/div>\n\t\t\t\n\t\t<\/div>\n\t\t\t\t\t\t<\/div>\n\t\t\t\t<div class=\"elementor-element elementor-element-a60144f elementor-align-center elementor-widget elementor-widget-button\" data-id=\"a60144f\" data-element_type=\"widget\" data-e-type=\"widget\" data-widget_type=\"button.default\">\n\t\t\t\t\t\t\t\t\t\t<a class=\"elementor-button elementor-button-link elementor-size-sm\" href=\"https:\/\/wa.me\/+436643950407\" target=\"_blank\">\n\t\t\t\t\t\t<span class=\"elementor-button-content-wrapper\">\n\t\t\t\t\t\t\t\t\t<span class=\"elementor-button-text\">Fale Conosco<\/span>\n\t\t\t\t\t<\/span>\n\t\t\t\t\t<\/a>\n\t\t\t\t\t\t\t\t<\/div>\n\t\t\t\t\t<\/div>\n\t\t\t\t<\/div>\n\t\t\t\t<\/div>","protected":false},"excerpt":{"rendered":"<p>How to Get Here Your journey to paradise starts here Tatajuba Beach is located about 390 km from Fortaleza International Airport (Pinto Martins), on the stunning west coast of Cear\u00e1. The journey is a true immersion in Brazil&#8217;s northeastern landscape, passing through fishing villages, lagoons, and dunes that set the tone for the paradise awaiting [&hellip;]<\/p>\n","protected":false},"author":2,"featured_media":0,"parent":0,"menu_order":0,"comment_status":"closed","ping_status":"closed","template":"","meta":{"footnotes":""},"class_list":["post-493","page","type-page","status-publish","hentry"],"yoast_head":"<!-- This site is optimized with the Yoast SEO plugin v27.3 - https:\/\/yoast.com\/product\/yoast-seo-wordpress\/ -->\n<title>How to Get Here - villazenoratatajuba.com<\/title>\n<meta name=\"robots\" content=\"index, follow, max-snippet:-1, max-image-preview:large, max-video-preview:-1\" \/>\n<link rel=\"canonical\" href=\"https:\/\/villazenoratatajuba.com\/pt\/how-to-get-here\/\" \/>\n<meta property=\"og:locale\" content=\"pt_BR\" \/>\n<meta property=\"og:type\" content=\"article\" \/>\n<meta property=\"og:title\" content=\"How to Get Here - villazenoratatajuba.com\" \/>\n<meta property=\"og:description\" content=\"How to Get Here Your journey to paradise starts here Tatajuba Beach is located about 390 km from Fortaleza International Airport (Pinto Martins), on the stunning west coast of Cear\u00e1. The journey is a true immersion in Brazil&#8217;s northeastern landscape, passing through fishing villages, lagoons, and dunes that set the tone for the paradise awaiting [&hellip;]\" \/>\n<meta property=\"og:url\" content=\"https:\/\/villazenoratatajuba.com\/pt\/how-to-get-here\/\" \/>\n<meta property=\"og:site_name\" content=\"villazenoratatajuba.com\" \/>\n<meta property=\"article:modified_time\" content=\"2026-04-07T01:11:50+00:00\" \/>\n<meta property=\"og:image\" content=\"https:\/\/villazenoratatajuba.com\/wp-content\/uploads\/2026\/02\/Villa-Zenora-697-1-scaled.jpg\" \/>\n\t<meta property=\"og:image:width\" content=\"2560\" \/>\n\t<meta property=\"og:image:height\" content=\"1707\" \/>\n\t<meta property=\"og:image:type\" content=\"image\/jpeg\" \/>\n<meta name=\"twitter:card\" content=\"summary_large_image\" \/>\n<meta name=\"twitter:label1\" content=\"Est. tempo de leitura\" \/>\n\t<meta name=\"twitter:data1\" content=\"2 minutos\" \/>\n<script type=\"application\/ld+json\" class=\"yoast-schema-graph\">{\"@context\":\"https:\\\/\\\/schema.org\",\"@graph\":[{\"@type\":\"WebPage\",\"@id\":\"https:\\\/\\\/villazenoratatajuba.com\\\/how-to-get-here\\\/\",\"url\":\"https:\\\/\\\/villazenoratatajuba.com\\\/how-to-get-here\\\/\",\"name\":\"How to Get Here - villazenoratatajuba.com\",\"isPartOf\":{\"@id\":\"https:\\\/\\\/villazenoratatajuba.com\\\/#website\"},\"primaryImageOfPage\":{\"@id\":\"https:\\\/\\\/villazenoratatajuba.com\\\/how-to-get-here\\\/#primaryimage\"},\"image\":{\"@id\":\"https:\\\/\\\/villazenoratatajuba.com\\\/how-to-get-here\\\/#primaryimage\"},\"thumbnailUrl\":\"https:\\\/\\\/villazenoratatajuba.com\\\/wp-content\\\/uploads\\\/2026\\\/02\\\/Villa-Zenora-697-1-scaled.jpg\",\"datePublished\":\"2025-12-02T15:05:57+00:00\",\"dateModified\":\"2026-04-07T01:11:50+00:00\",\"breadcrumb\":{\"@id\":\"https:\\\/\\\/villazenoratatajuba.com\\\/how-to-get-here\\\/#breadcrumb\"},\"inLanguage\":\"pt-BR\",\"potentialAction\":[{\"@type\":\"ReadAction\",\"target\":[\"https:\\\/\\\/villazenoratatajuba.com\\\/how-to-get-here\\\/\"]}]},{\"@type\":\"ImageObject\",\"inLanguage\":\"pt-BR\",\"@id\":\"https:\\\/\\\/villazenoratatajuba.com\\\/how-to-get-here\\\/#primaryimage\",\"url\":\"https:\\\/\\\/villazenoratatajuba.com\\\/wp-content\\\/uploads\\\/2026\\\/02\\\/Villa-Zenora-697-1-scaled.jpg\",\"contentUrl\":\"https:\\\/\\\/villazenoratatajuba.com\\\/wp-content\\\/uploads\\\/2026\\\/02\\\/Villa-Zenora-697-1-scaled.jpg\"},{\"@type\":\"BreadcrumbList\",\"@id\":\"https:\\\/\\\/villazenoratatajuba.com\\\/how-to-get-here\\\/#breadcrumb\",\"itemListElement\":[{\"@type\":\"ListItem\",\"position\":1,\"name\":\"Home\",\"item\":\"https:\\\/\\\/villazenoratatajuba.com\\\/\"},{\"@type\":\"ListItem\",\"position\":2,\"name\":\"How to Get Here\"}]},{\"@type\":\"WebSite\",\"@id\":\"https:\\\/\\\/villazenoratatajuba.com\\\/#website\",\"url\":\"https:\\\/\\\/villazenoratatajuba.com\\\/\",\"name\":\"villazenoratatajuba.com\",\"description\":\"Villa Zenora em Tatajuba - Ref\u00fagio de paz\",\"publisher\":{\"@id\":\"https:\\\/\\\/villazenoratatajuba.com\\\/#organization\"},\"potentialAction\":[{\"@type\":\"SearchAction\",\"target\":{\"@type\":\"EntryPoint\",\"urlTemplate\":\"https:\\\/\\\/villazenoratatajuba.com\\\/?s={search_term_string}\"},\"query-input\":{\"@type\":\"PropertyValueSpecification\",\"valueRequired\":true,\"valueName\":\"search_term_string\"}}],\"inLanguage\":\"pt-BR\"},{\"@type\":\"Organization\",\"@id\":\"https:\\\/\\\/villazenoratatajuba.com\\\/#organization\",\"name\":\"Villa Zenora Tatajuba\",\"url\":\"https:\\\/\\\/villazenoratatajuba.com\\\/\",\"logo\":{\"@type\":\"ImageObject\",\"inLanguage\":\"pt-BR\",\"@id\":\"https:\\\/\\\/villazenoratatajuba.com\\\/#\\\/schema\\\/logo\\\/image\\\/\",\"url\":\"https:\\\/\\\/villazenoratatajuba.com\\\/wp-content\\\/uploads\\\/2025\\\/11\\\/LOGO-7-scaled.png\",\"contentUrl\":\"https:\\\/\\\/villazenoratatajuba.com\\\/wp-content\\\/uploads\\\/2025\\\/11\\\/LOGO-7-scaled.png\",\"width\":2560,\"height\":2313,\"caption\":\"Villa Zenora Tatajuba\"},\"image\":{\"@id\":\"https:\\\/\\\/villazenoratatajuba.com\\\/#\\\/schema\\\/logo\\\/image\\\/\"},\"sameAs\":[\"https:\\\/\\\/www.instagram.com\\\/villazenoratatajuba\\\/\",\"https:\\\/\\\/www.threads.com\\\/@villazenoratatajuba?igshid=NTc4MTIwNjQ2YQ\",\"https:\\\/\\\/www.youtube.com\\\/@villazenoratatajuba\"]}]}<\/script>\n<!-- \/ Yoast SEO plugin. -->","yoast_head_json":{"title":"How to Get Here - villazenoratatajuba.com","robots":{"index":"index","follow":"follow","max-snippet":"max-snippet:-1","max-image-preview":"max-image-preview:large","max-video-preview":"max-video-preview:-1"},"canonical":"https:\/\/villazenoratatajuba.com\/pt\/how-to-get-here\/","og_locale":"pt_BR","og_type":"article","og_title":"How to Get Here - villazenoratatajuba.com","og_description":"How to Get Here Your journey to paradise starts here Tatajuba Beach is located about 390 km from Fortaleza International Airport (Pinto Martins), on the stunning west coast of Cear\u00e1. The journey is a true immersion in Brazil&#8217;s northeastern landscape, passing through fishing villages, lagoons, and dunes that set the tone for the paradise awaiting [&hellip;]","og_url":"https:\/\/villazenoratatajuba.com\/pt\/how-to-get-here\/","og_site_name":"villazenoratatajuba.com","article_modified_time":"2026-04-07T01:11:50+00:00","og_image":[{"width":2560,"height":1707,"url":"https:\/\/villazenoratatajuba.com\/wp-content\/uploads\/2026\/02\/Villa-Zenora-697-1-scaled.jpg","type":"image\/jpeg"}],"twitter_card":"summary_large_image","twitter_misc":{"Est. tempo de leitura":"2 minutos"},"schema":{"@context":"https:\/\/schema.org","@graph":[{"@type":"WebPage","@id":"https:\/\/villazenoratatajuba.com\/how-to-get-here\/","url":"https:\/\/villazenoratatajuba.com\/how-to-get-here\/","name":"How to Get Here - villazenoratatajuba.com","isPartOf":{"@id":"https:\/\/villazenoratatajuba.com\/#website"},"primaryImageOfPage":{"@id":"https:\/\/villazenoratatajuba.com\/how-to-get-here\/#primaryimage"},"image":{"@id":"https:\/\/villazenoratatajuba.com\/how-to-get-here\/#primaryimage"},"thumbnailUrl":"https:\/\/villazenoratatajuba.com\/wp-content\/uploads\/2026\/02\/Villa-Zenora-697-1-scaled.jpg","datePublished":"2025-12-02T15:05:57+00:00","dateModified":"2026-04-07T01:11:50+00:00","breadcrumb":{"@id":"https:\/\/villazenoratatajuba.com\/how-to-get-here\/#breadcrumb"},"inLanguage":"pt-BR","potentialAction":[{"@type":"ReadAction","target":["https:\/\/villazenoratatajuba.com\/how-to-get-here\/"]}]},{"@type":"ImageObject","inLanguage":"pt-BR","@id":"https:\/\/villazenoratatajuba.com\/how-to-get-here\/#primaryimage","url":"https:\/\/villazenoratatajuba.com\/wp-content\/uploads\/2026\/02\/Villa-Zenora-697-1-scaled.jpg","contentUrl":"https:\/\/villazenoratatajuba.com\/wp-content\/uploads\/2026\/02\/Villa-Zenora-697-1-scaled.jpg"},{"@type":"BreadcrumbList","@id":"https:\/\/villazenoratatajuba.com\/how-to-get-here\/#breadcrumb","itemListElement":[{"@type":"ListItem","position":1,"name":"Home","item":"https:\/\/villazenoratatajuba.com\/"},{"@type":"ListItem","position":2,"name":"How to Get Here"}]},{"@type":"WebSite","@id":"https:\/\/villazenoratatajuba.com\/#website","url":"https:\/\/villazenoratatajuba.com\/","name":"villazenoratatajuba.com","description":"Villa Zenora em Tatajuba - Ref\u00fagio de paz","publisher":{"@id":"https:\/\/villazenoratatajuba.com\/#organization"},"potentialAction":[{"@type":"SearchAction","target":{"@type":"EntryPoint","urlTemplate":"https:\/\/villazenoratatajuba.com\/?s={search_term_string}"},"query-input":{"@type":"PropertyValueSpecification","valueRequired":true,"valueName":"search_term_string"}}],"inLanguage":"pt-BR"},{"@type":"Organization","@id":"https:\/\/villazenoratatajuba.com\/#organization","name":"Villa Zenora Tatajuba","url":"https:\/\/villazenoratatajuba.com\/","logo":{"@type":"ImageObject","inLanguage":"pt-BR","@id":"https:\/\/villazenoratatajuba.com\/#\/schema\/logo\/image\/","url":"https:\/\/villazenoratatajuba.com\/wp-content\/uploads\/2025\/11\/LOGO-7-scaled.png","contentUrl":"https:\/\/villazenoratatajuba.com\/wp-content\/uploads\/2025\/11\/LOGO-7-scaled.png","width":2560,"height":2313,"caption":"Villa Zenora Tatajuba"},"image":{"@id":"https:\/\/villazenoratatajuba.com\/#\/schema\/logo\/image\/"},"sameAs":["https:\/\/www.instagram.com\/villazenoratatajuba\/","https:\/\/www.threads.com\/@villazenoratatajuba?igshid=NTc4MTIwNjQ2YQ","https:\/\/www.youtube.com\/@villazenoratatajuba"]}]}},"_links":{"self":[{"href":"https:\/\/villazenoratatajuba.com\/pt\/wp-json\/wp\/v2\/pages\/493","targetHints":{"allow":["GET"]}}],"collection":[{"href":"https:\/\/villazenoratatajuba.com\/pt\/wp-json\/wp\/v2\/pages"}],"about":[{"href":"https:\/\/villazenoratatajuba.com\/pt\/wp-json\/wp\/v2\/types\/page"}],"author":[{"embeddable":true,"href":"https:\/\/villazenoratatajuba.com\/pt\/wp-json\/wp\/v2\/users\/2"}],"replies":[{"embeddable":true,"href":"https:\/\/villazenoratatajuba.com\/pt\/wp-json\/wp\/v2\/comments?post=493"}],"version-history":[{"count":40,"href":"https:\/\/villazenoratatajuba.com\/pt\/wp-json\/wp\/v2\/pages\/493\/revisions"}],"predecessor-version":[{"id":1555,"href":"https:\/\/villazenoratatajuba.com\/pt\/wp-json\/wp\/v2\/pages\/493\/revisions\/1555"}],"wp:attachment":[{"href":"https:\/\/villazenoratatajuba.com\/pt\/wp-json\/wp\/v2\/media?parent=493"}],"curies":[{"name":"wp","href":"https:\/\/api.w.org\/{rel}","templated":true}]}}